{"id":16,"date":"2015-10-31T15:10:37","date_gmt":"2015-10-31T14:10:37","guid":{"rendered":"http:\/\/www.kommunikationsmarktplatz.de\/?page_id=16"},"modified":"2015-10-31T15:10:37","modified_gmt":"2015-10-31T14:10:37","slug":"haftungshinweise","status":"publish","type":"page","link":"https:\/\/olaf-rothe.de\/cms_wp\/haftungshinweise\/","title":{"rendered":"Haftungshinweise"},"content":{"rendered":"<p style=\"text-align: justify;\">Haftung f\u00fcr Inhalte<br \/>\nDie Inhalte unserer Seiten wurden mit gr\u00f6\u00dfter Sorgfalt erstellt. F\u00fcr die Richtigkeit, Vollst\u00e4ndigkeit und Aktualit\u00e4t der Inhalte k\u00f6nnen wir jedoch keine Gew\u00e4hr \u00fcbernehmen. Als Diensteanbieter sind wir gem\u00e4\u00df <span style=\"letter-spacing: 0.1250em;\">\u00a7<\/span>7 Abs<span style=\"letter-spacing: 0.1250em;\">.<\/span>1&#x00A0;TMG f\u00fcr eigene Inhalte auf diesen Seiten nach den allgemeinen Gesetzen verantwortlich. Nach \u00a7<span style=\"letter-spacing: 0.1250em;\">\u00a7<\/span>8 bis 10&#x00A0;TMG sind wir als Diensteanbieter jedoch nicht verpflichtet, \u00fcbermittelte oder gespeicherte fremde Informationen zu \u00fcberwachen oder nach Umst\u00e4nden zu forschen, die auf eine rechtswidrige T\u00e4\u00adtig\u00adkeit hinweisen. Verpflichtungen zur Entfernung oder Sperrung der Nutzung von Informationen nach den allgemeinen Gesetzen bleiben hiervon unber\u00fchrt. Eine diesbez\u00fcgliche Haftung ist jedoch erst ab dem Zeitpunkt der Kenntnis einer konkreten Rechtsverletzung m\u00f6glich. Bei Bekanntwerden von Rechtsverletzungen werden wir derartige Links umgehend entfernen.<\/p>\n<p style=\"text-align: justify;\">Haftung f\u00fcr Links<br \/>\nDiese Internetseite enth\u00e4lt Verkn\u00fcpfungen zu externen Webseiten Dritter, auf deren Inhalte wir keinen Einfluss haben. Deshalb k\u00f6nnen wir f\u00fcr diese Inhalte auch keine Gew\u00e4hr \u00fcbernehmen. F\u00fcr die Inhalte der ver\u00adlink\u00adten Seiten ist stets der jeweilige Anbieter oder Betreiber der Seiten verantwortlich. Die ver\u00adlink\u00adten Seiten wurden zum Zeitpunkt der Verlinkung auf m\u00f6gliche Rechtsverst\u00f6\u00dfe \u00fcberpr\u00fcft. Rechts\u00adwidrige Inhalte waren zum Zeitpunkt der Verlinkung nicht erkennbar. Die kontinuierliche inhaltliche Kontrolle der verlinkten Seiten ist jedoch ohne konkrete Anhaltspunkte einer Rechts\u00adver\u00adletzung nicht zumutbar. Bei Bekanntwerden von Rechtsverletzungen werden wir derartige Links umgehend entfernen.<\/p>\n","protected":false},"excerpt":{"rendered":"<p>Haftung f\u00fcr Inhalte Die Inhalte unserer Seiten wurden mit gr\u00f6\u00dfter Sorgfalt erstellt. F\u00fcr die Richtigkeit, Vollst\u00e4ndigkeit und Aktualit\u00e4t der Inhalte k\u00f6nnen wir jedoch keine Gew\u00e4hr \u00fcbernehmen. Als Diensteanbieter sind wir gem\u00e4\u00df \u00a77 Abs.1&#x00A0;TMG f\u00fcr eigene Inhalte auf diesen Seiten nach den allgemeinen Gesetzen verantwortlich. Nach \u00a7\u00a78 bis 10&#x00A0;TMG sind wir als Diensteanbieter jedoch nicht verpflichtet, &hellip; <a href=\"https:\/\/olaf-rothe.de\/cms_wp\/haftungshinweise\/\" class=\"more-link\"><span class=\"screen-reader-text\">Haftungshinweise<\/span> weiterlesen<\/a><\/p>\n","protected":false},"author":1,"featured_media":0,"parent":0,"menu_order":0,"comment_status":"closed","ping_status":"closed","template":"","meta":{"footnotes":""},"class_list":["post-16","page","type-page","status-publish","hentry"],"_links":{"self":[{"href":"https:\/\/olaf-rothe.de\/cms_wp\/wp-json\/wp\/v2\/pages\/16","targetHints":{"allow":["GET"]}}],"collection":[{"href":"https:\/\/olaf-rothe.de\/cms_wp\/wp-json\/wp\/v2\/pages"}],"about":[{"href":"https:\/\/olaf-rothe.de\/cms_wp\/wp-json\/wp\/v2\/types\/page"}],"author":[{"embeddable":true,"href":"https:\/\/olaf-rothe.de\/cms_wp\/wp-json\/wp\/v2\/users\/1"}],"replies":[{"embeddable":true,"href":"https:\/\/olaf-rothe.de\/cms_wp\/wp-json\/wp\/v2\/comments?post=16"}],"version-history":[{"count":0,"href":"https:\/\/olaf-rothe.de\/cms_wp\/wp-json\/wp\/v2\/pages\/16\/revisions"}],"wp:attachment":[{"href":"https:\/\/olaf-rothe.de\/cms_wp\/wp-json\/wp\/v2\/media?parent=16"}],"curies":[{"name":"wp","href":"https:\/\/api.w.org\/{rel}","templated":true}]}}